{"id":6362,"date":"2025-09-25T09:20:44","date_gmt":"2025-09-25T07:20:44","guid":{"rendered":"https:\/\/photoclub-saintgilles.fr\/?page_id=6362"},"modified":"2025-09-25T09:31:30","modified_gmt":"2025-09-25T07:31:30","slug":"normalisation-photos-sur-joomeo","status":"publish","type":"page","link":"https:\/\/photoclub-saintgilles.fr\/?page_id=6362","title":{"rendered":"Normalisation photos sur JOOMEO"},"content":{"rendered":"\t\t<div data-elementor-type=\"wp-page\" data-elementor-id=\"6362\" class=\"elementor elementor-6362\">\n\t\t\t\t\t\t<section class=\"elementor-section elementor-top-section elementor-element elementor-element-3c6cd1b elementor-section-boxed elementor-section-height-default elementor-section-height-default\" data-id=\"3c6cd1b\" data-element_type=\"section\" data-e-type=\"section\">\n\t\t\t\t\t\t<div class=\"elementor-container elementor-column-gap-default\">\n\t\t\t\t\t<div class=\"elementor-column elementor-col-100 elementor-top-column elementor-element elementor-element-62294ef\" data-id=\"62294ef\" data-element_type=\"column\" data-e-type=\"column\">\n\t\t\t<div class=\"elementor-widget-wrap elementor-element-populated\">\n\t\t\t\t\t\t<div class=\"elementor-element elementor-element-c78b914 elementor-widget elementor-widget-text-editor\" data-id=\"c78b914\" data-element_type=\"widget\" data-e-type=\"widget\" data-widget_type=\"text-editor.default\">\n\t\t\t\t<div class=\"elementor-widget-container\">\n\t\t\t\t\t\t\t\t\t<p><strong>Normalisation des fichiers sur l\u2019espace JOOMEO :<\/strong><\/p><p>\u00a0<\/p><p>1 &#8211; le nombre de photos maximum \u00e0 t\u00e9l\u00e9charger est limit\u00e9 \u00e0 <strong>3 <\/strong>\u00a0(merci de se tenir \u00e0 ce nombre)<\/p><p>En cas d\u2019ajout de nouvelles photos supprimer les anciennes photos afin d\u2019en avoir toujours <strong>3<\/strong><\/p><p>2 &#8211; la taille de chaque photo ne doit pas d\u00e9passer <strong>1,5 Mo<\/strong><\/p><p>3 &#8211; renommer votre photo en <strong>PNXT<\/strong>\u00a0o\u00f9 :<\/p><ul><li><strong>P<\/strong>: premi\u00e8re lettre du pr\u00e9nom de l\u2019adh\u00e9rent en Majuscule<\/li><li><strong>N<\/strong>: nom de l\u2019adh\u00e9rent en minuscules sauf l\u2019initial du nom<\/li><li><strong>X<\/strong>: num\u00e9ro de la photo (de 1 \u00e0 3)<\/li><li><strong>T<\/strong>: texte libre<\/li><\/ul><p><em>exemple pour Michel Aubert\u00a0: MAubert1- th\u00e8me m\u00e9tal<\/em><\/p>\t\t\t\t\t\t\t\t<\/div>\n\t\t\t\t<\/div>\n\t\t\t\t\t<\/div>\n\t\t<\/div>\n\t\t\t\t\t<\/div>\n\t\t<\/section>\n\t\t\t\t<\/div>\n\t\t","protected":false},"excerpt":{"rendered":"<p>Normalisation des fichiers sur l\u2019espace JOOMEO : \u00a0 1 &#8211; le nombre de photos maximum \u00e0 t\u00e9l\u00e9charger est limit\u00e9 \u00e0 3 \u00a0(merci de se tenir \u00e0 ce nombre) En cas d\u2019ajout de nouvelles photos supprimer les anciennes photos afin d\u2019en avoir toujours 3 2 &#8211; la taille de chaque photo ne doit pas d\u00e9passer 1,5&hellip;<\/p>\n","protected":false},"author":6,"featured_media":0,"parent":0,"menu_order":0,"comment_status":"closed","ping_status":"closed","template":"","meta":{"footnotes":""},"class_list":["post-6362","page","type-page","status-publish","hentry"],"yoast_head":"<!-- This site is optimized with the Yoast SEO plugin v27.5 - https:\/\/yoast.com\/product\/yoast-seo-wordpress\/ -->\n<title>Normalisation photos sur JOOMEO - Photoclub-SG35<\/title>\n<meta name=\"description\" content=\"joomeo\" \/>\n<meta name=\"robots\" content=\"index, follow, max-snippet:-1, max-image-preview:large, max-video-preview:-1\" \/>\n<link rel=\"canonical\" href=\"https:\/\/photoclub-saintgilles.fr\/?page_id=6362\" \/>\n<meta property=\"og:locale\" content=\"fr_FR\" \/>\n<meta property=\"og:type\" content=\"article\" \/>\n<meta property=\"og:title\" content=\"Normalisation photos sur JOOMEO - Photoclub-SG35\" \/>\n<meta property=\"og:description\" content=\"joomeo\" \/>\n<meta property=\"og:url\" content=\"https:\/\/photoclub-saintgilles.fr\/?page_id=6362\" \/>\n<meta property=\"og:site_name\" content=\"Photoclub-SG35\" \/>\n<meta property=\"article:publisher\" content=\"https:\/\/www.facebook.com\/photoclubsaintgilles\" \/>\n<meta property=\"article:modified_time\" content=\"2025-09-25T07:31:30+00:00\" \/>\n<meta name=\"twitter:card\" content=\"summary_large_image\" \/>\n<meta name=\"twitter:label1\" content=\"Dur\u00e9e de lecture estim\u00e9e\" \/>\n\t<meta name=\"twitter:data1\" content=\"1 minute\" \/>\n<script type=\"application\/ld+json\" class=\"yoast-schema-graph\">{\"@context\":\"https:\\\/\\\/schema.org\",\"@graph\":[{\"@type\":\"WebPage\",\"@id\":\"https:\\\/\\\/photoclub-saintgilles.fr\\\/?page_id=6362\",\"url\":\"https:\\\/\\\/photoclub-saintgilles.fr\\\/?page_id=6362\",\"name\":\"Normalisation photos sur JOOMEO - Photoclub-SG35\",\"isPartOf\":{\"@id\":\"https:\\\/\\\/photoclub-saintgilles.fr\\\/#website\"},\"datePublished\":\"2025-09-25T07:20:44+00:00\",\"dateModified\":\"2025-09-25T07:31:30+00:00\",\"description\":\"joomeo\",\"breadcrumb\":{\"@id\":\"https:\\\/\\\/photoclub-saintgilles.fr\\\/?page_id=6362#breadcrumb\"},\"inLanguage\":\"fr-FR\",\"potentialAction\":[{\"@type\":\"ReadAction\",\"target\":[\"https:\\\/\\\/photoclub-saintgilles.fr\\\/?page_id=6362\"]}]},{\"@type\":\"BreadcrumbList\",\"@id\":\"https:\\\/\\\/photoclub-saintgilles.fr\\\/?page_id=6362#breadcrumb\",\"itemListElement\":[{\"@type\":\"ListItem\",\"position\":1,\"name\":\"Accueil\",\"item\":\"https:\\\/\\\/photoclub-saintgilles.fr\\\/\"},{\"@type\":\"ListItem\",\"position\":2,\"name\":\"Normalisation photos sur JOOMEO\"}]},{\"@type\":\"WebSite\",\"@id\":\"https:\\\/\\\/photoclub-saintgilles.fr\\\/#website\",\"url\":\"https:\\\/\\\/photoclub-saintgilles.fr\\\/\",\"name\":\"Photoclub-SG35\",\"description\":\"Photo club Saint-Gilles - (Rennes)\",\"publisher\":{\"@id\":\"https:\\\/\\\/photoclub-saintgilles.fr\\\/#organization\"},\"potentialAction\":[{\"@type\":\"SearchAction\",\"target\":{\"@type\":\"EntryPoint\",\"urlTemplate\":\"https:\\\/\\\/photoclub-saintgilles.fr\\\/?s={search_term_string}\"},\"query-input\":{\"@type\":\"PropertyValueSpecification\",\"valueRequired\":true,\"valueName\":\"search_term_string\"}}],\"inLanguage\":\"fr-FR\"},{\"@type\":\"Organization\",\"@id\":\"https:\\\/\\\/photoclub-saintgilles.fr\\\/#organization\",\"name\":\"PhotoClub Saint-Gilles\",\"url\":\"https:\\\/\\\/photoclub-saintgilles.fr\\\/\",\"logo\":{\"@type\":\"ImageObject\",\"inLanguage\":\"fr-FR\",\"@id\":\"https:\\\/\\\/photoclub-saintgilles.fr\\\/#\\\/schema\\\/logo\\\/image\\\/\",\"url\":\"https:\\\/\\\/photoclub-sg35.fr\\\/wp-content\\\/uploads\\\/2021\\\/05\\\/logo-300x109-1.jpg\",\"contentUrl\":\"https:\\\/\\\/photoclub-sg35.fr\\\/wp-content\\\/uploads\\\/2021\\\/05\\\/logo-300x109-1.jpg\",\"width\":300,\"height\":86,\"caption\":\"PhotoClub Saint-Gilles\"},\"image\":{\"@id\":\"https:\\\/\\\/photoclub-saintgilles.fr\\\/#\\\/schema\\\/logo\\\/image\\\/\"},\"sameAs\":[\"https:\\\/\\\/www.facebook.com\\\/photoclubsaintgilles\",\"https:\\\/\\\/www.instagram.com\\\/photoclubsaintgilles\\\/\"]}]}<\/script>\n<!-- \/ Yoast SEO plugin. -->","yoast_head_json":{"title":"Normalisation photos sur JOOMEO - Photoclub-SG35","description":"joomeo","robots":{"index":"index","follow":"follow","max-snippet":"max-snippet:-1","max-image-preview":"max-image-preview:large","max-video-preview":"max-video-preview:-1"},"canonical":"https:\/\/photoclub-saintgilles.fr\/?page_id=6362","og_locale":"fr_FR","og_type":"article","og_title":"Normalisation photos sur JOOMEO - Photoclub-SG35","og_description":"joomeo","og_url":"https:\/\/photoclub-saintgilles.fr\/?page_id=6362","og_site_name":"Photoclub-SG35","article_publisher":"https:\/\/www.facebook.com\/photoclubsaintgilles","article_modified_time":"2025-09-25T07:31:30+00:00","twitter_card":"summary_large_image","twitter_misc":{"Dur\u00e9e de lecture estim\u00e9e":"1 minute"},"schema":{"@context":"https:\/\/schema.org","@graph":[{"@type":"WebPage","@id":"https:\/\/photoclub-saintgilles.fr\/?page_id=6362","url":"https:\/\/photoclub-saintgilles.fr\/?page_id=6362","name":"Normalisation photos sur JOOMEO - Photoclub-SG35","isPartOf":{"@id":"https:\/\/photoclub-saintgilles.fr\/#website"},"datePublished":"2025-09-25T07:20:44+00:00","dateModified":"2025-09-25T07:31:30+00:00","description":"joomeo","breadcrumb":{"@id":"https:\/\/photoclub-saintgilles.fr\/?page_id=6362#breadcrumb"},"inLanguage":"fr-FR","potentialAction":[{"@type":"ReadAction","target":["https:\/\/photoclub-saintgilles.fr\/?page_id=6362"]}]},{"@type":"BreadcrumbList","@id":"https:\/\/photoclub-saintgilles.fr\/?page_id=6362#breadcrumb","itemListElement":[{"@type":"ListItem","position":1,"name":"Accueil","item":"https:\/\/photoclub-saintgilles.fr\/"},{"@type":"ListItem","position":2,"name":"Normalisation photos sur JOOMEO"}]},{"@type":"WebSite","@id":"https:\/\/photoclub-saintgilles.fr\/#website","url":"https:\/\/photoclub-saintgilles.fr\/","name":"Photoclub-SG35","description":"Photo club Saint-Gilles - (Rennes)","publisher":{"@id":"https:\/\/photoclub-saintgilles.fr\/#organization"},"potentialAction":[{"@type":"SearchAction","target":{"@type":"EntryPoint","urlTemplate":"https:\/\/photoclub-saintgilles.fr\/?s={search_term_string}"},"query-input":{"@type":"PropertyValueSpecification","valueRequired":true,"valueName":"search_term_string"}}],"inLanguage":"fr-FR"},{"@type":"Organization","@id":"https:\/\/photoclub-saintgilles.fr\/#organization","name":"PhotoClub Saint-Gilles","url":"https:\/\/photoclub-saintgilles.fr\/","logo":{"@type":"ImageObject","inLanguage":"fr-FR","@id":"https:\/\/photoclub-saintgilles.fr\/#\/schema\/logo\/image\/","url":"https:\/\/photoclub-sg35.fr\/wp-content\/uploads\/2021\/05\/logo-300x109-1.jpg","contentUrl":"https:\/\/photoclub-sg35.fr\/wp-content\/uploads\/2021\/05\/logo-300x109-1.jpg","width":300,"height":86,"caption":"PhotoClub Saint-Gilles"},"image":{"@id":"https:\/\/photoclub-saintgilles.fr\/#\/schema\/logo\/image\/"},"sameAs":["https:\/\/www.facebook.com\/photoclubsaintgilles","https:\/\/www.instagram.com\/photoclubsaintgilles\/"]}]}},"_links":{"self":[{"href":"https:\/\/photoclub-saintgilles.fr\/index.php?rest_route=\/wp\/v2\/pages\/6362","targetHints":{"allow":["GET"]}}],"collection":[{"href":"https:\/\/photoclub-saintgilles.fr\/index.php?rest_route=\/wp\/v2\/pages"}],"about":[{"href":"https:\/\/photoclub-saintgilles.fr\/index.php?rest_route=\/wp\/v2\/types\/page"}],"author":[{"embeddable":true,"href":"https:\/\/photoclub-saintgilles.fr\/index.php?rest_route=\/wp\/v2\/users\/6"}],"replies":[{"embeddable":true,"href":"https:\/\/photoclub-saintgilles.fr\/index.php?rest_route=%2Fwp%2Fv2%2Fcomments&post=6362"}],"version-history":[{"count":8,"href":"https:\/\/photoclub-saintgilles.fr\/index.php?rest_route=\/wp\/v2\/pages\/6362\/revisions"}],"predecessor-version":[{"id":6372,"href":"https:\/\/photoclub-saintgilles.fr\/index.php?rest_route=\/wp\/v2\/pages\/6362\/revisions\/6372"}],"wp:attachment":[{"href":"https:\/\/photoclub-saintgilles.fr\/index.php?rest_route=%2Fwp%2Fv2%2Fmedia&parent=6362"}],"curies":[{"name":"wp","href":"https:\/\/api.w.org\/{rel}","templated":true}]}}